{"id":297,"date":"2024-04-12T09:47:55","date_gmt":"2024-04-12T07:47:55","guid":{"rendered":"https:\/\/www.crc1607.de\/?page_id=297"},"modified":"2024-04-30T15:26:53","modified_gmt":"2024-04-30T13:26:53","slug":"imprint","status":"publish","type":"page","link":"https:\/\/www.sfb1607.de\/en\/imprint\/","title":{"rendered":"Imprint"},"content":{"rendered":"<h1 class=\"wp-block-heading\"><span>Unser <\/span><br>Impressum<\/h1>\n\n<p><strong>Univ.-Prof. Dr. med. Claus Cursiefen,<\/strong> FARVO, FEBO<\/p><p>Sprecher des DFG-gegr\u00fcndeten Sonderforschungsbereichs SFB1607<br \/>Vorsitzender der Abteilung f\u00fcr Ophthalmology<br \/>Abteilung f\u00fcr Ophthalmology<br \/>Universit\u00e4tsklinikum K\u00f6ln<br \/>Kerpener Str. 62<br \/>50937 K\u00f6ln<\/p><p>Tel: <a href=\"tel:+4922132845\">0221-32845<\/a><br \/>Fax: 0221-5094<br \/>E-Mail: <a href=\"mailto:claus.cursiefen@uk-koeln.de\">claus.cursiefen@uk-koeln.de<\/a><\/p>","protected":false},"excerpt":{"rendered":"<p>Unser Impressum Univ.-Prof. Dr. med. Claus Cursiefen, FARVO, FEBO Sprecher des DFG-gegr\u00fcndeten Sonderforschungsbereichs SFB1607Vorsitzender der Abteilung f\u00fcr OphthalmologyAbteilung f\u00fcr OphthalmologyUniversit\u00e4tsklinikum K\u00f6lnKerpener Str. 6250937 K\u00f6ln Tel: 0221-32845Fax: 0221-5094E-Mail: claus.cursiefen@uk-koeln.de<\/p>\n","protected":false},"author":1,"featured_media":0,"parent":0,"menu_order":0,"comment_status":"closed","ping_status":"closed","template":"","meta":{"_acf_changed":false,"footnotes":""},"class_list":["post-297","page","type-page","status-publish","hentry"],"acf":[],"aioseo_notices":[],"_links":{"self":[{"href":"https:\/\/www.sfb1607.de\/en\/wp-json\/wp\/v2\/pages\/297","targetHints":{"allow":["GET"]}}],"collection":[{"href":"https:\/\/www.sfb1607.de\/en\/wp-json\/wp\/v2\/pages"}],"about":[{"href":"https:\/\/www.sfb1607.de\/en\/wp-json\/wp\/v2\/types\/page"}],"author":[{"embeddable":true,"href":"https:\/\/www.sfb1607.de\/en\/wp-json\/wp\/v2\/users\/1"}],"replies":[{"embeddable":true,"href":"https:\/\/www.sfb1607.de\/en\/wp-json\/wp\/v2\/comments?post=297"}],"version-history":[{"count":4,"href":"https:\/\/www.sfb1607.de\/en\/wp-json\/wp\/v2\/pages\/297\/revisions"}],"predecessor-version":[{"id":734,"href":"https:\/\/www.sfb1607.de\/en\/wp-json\/wp\/v2\/pages\/297\/revisions\/734"}],"wp:attachment":[{"href":"https:\/\/www.sfb1607.de\/en\/wp-json\/wp\/v2\/media?parent=297"}],"curies":[{"name":"wp","href":"https:\/\/api.w.org\/{rel}","templated":true}]}}