{"id":156,"date":"2024-04-10T13:14:09","date_gmt":"2024-04-10T11:14:09","guid":{"rendered":"https:\/\/sfb1607.resulted.de\/?page_id=156"},"modified":"2024-04-30T15:28:33","modified_gmt":"2024-04-30T13:28:33","slug":"privacy-policy","status":"publish","type":"page","link":"https:\/\/www.sfb1607.de\/en\/privacy-policy\/","title":{"rendered":"Privacy policy"},"content":{"rendered":"<h1> <span>Allgemeine Hinweise zum <\/span><br>Datenschutz <\/h1>\n<p>Die folgenden Hinweise geben einen einfachen \u00dcberblick dar\u00fcber, was mit Ihren personenbezogenen Daten passiert, wenn Sie unsere Website besuchen. Personenbezogene Daten sind alle Daten, mit denen Sie pers\u00f6nlich identifiziert werden k\u00f6nnen. Ausf\u00fchrliche Informationen zum Thema Datenschutz entnehmen Sie unserer unter diesem Text aufgef\u00fchrten Datenschutzerkl\u00e4rung.<\/p>\n\n<h4>1. Name und Kontaktdaten des f\u00fcr die Verarbeitung Verantwortlichen sowie der f\u00fcr den Datenschutz zust\u00e4ndigen Person.<\/h4>\n<p>Die folgende Datenschutz-Information gilt f\u00fcr die Datenverarbeitung durch:<\/p>\n<p>Sonderforschungsbereich SFB 1607<br \/>Univ.-Prof. Dr. med. Claus Cursiefen, FEBO<br \/>Abteilung f\u00fcr Ophthalmology<br \/>Universit\u00e4tsklinikum K\u00f6ln<br \/>Kerpener Str. 62<br \/>50937 K\u00f6ln<\/p>\n<p><a href=\"tel:022132845\">Telefon: 0221-328 45<\/a><br \/>Telefax: 0221-509 4<\/p>\n<p>In Fragen des Datenschutzes wenden Sie sich bitte an: Herrn Univ.-Prof. Dr. med. Claus Cursiefen, FEBO unter oben angegebener Anschrift, beziehungsweise schreiben eine E-Mail an <a href=\"mailto: claus.cursiefen@uk-koeln.de\">claus.cursiefen@uk-koeln.de<\/a>.<\/p>\n\n<h4>2. Unsere Erhebung und Speicherung personenbezogener Daten sowie die Art und der Zweck von deren Verwendung<\/h4>\n<p>Personenbezogene Daten sind Einzelangaben \u00fcber pers\u00f6nliche oder sachliche Verh\u00e4ltnisse einer bestimmten oder bestimmbaren nat\u00fcrlichen Person. Im Folgenden teilen wir Ihnen mit, ob und wann Daten und personenbezogene Daten von Ihnen erhoben werden:<\/p>\n<p><b>a) Beim Besuch unserer Website<\/b><\/p>\n<p>Beim Aufrufen unserer Website <a href=\"https:\/\/www.sfb1607.de\">https:\/\/www.sfb1607.de<\/a> werden durch den auf Ihrem Endger\u00e4t zum Einsatz kommenden Browser automatisch Informationen an den Server unserer Website gesendet. Diese Informationen werden tempor\u00e4r in einem sog. Logfile gespeichert.<\/p>\n<p>Ihre IP-Adresse des anfragenden Rechners wird durch uns grunds\u00e4tzlich nicht vollst\u00e4ndig erhoben oder gespeichert. Eine Erhebung\/Speicherung erfolgt lediglich in gek\u00fcrzter und somit anonymisierter Form, so dass die IP-Adresse datenschutzrechtlich kein personenbezogenes Datum mehr darstellt.<\/p>\n<p>Folgende Informationen werden dabei ohne Ihr Zutun erfasst und bis zur automatisierten L\u00f6schung gespeichert:<\/p>\n<ul class=\"liste\">\n<li>Datum und Uhrzeit des Zugriffs,<\/li>\n<li>Name und URL der abgerufenen Datei,<\/li>\n<li>Website, von der aus der Zugriff erfolgt (Referrer-URL),<\/li>\n<li>verwendeter Browser und ggf. das Betriebssystem Ihres Rechners sowie der Name Ihres Access-Providers.<\/li>\n<\/ul>\n<p>Die oben genannten Daten werden durch uns zu folgenden Zwecken verarbeitet:<\/p>\n<ul class=\"liste\">\n<li>Gew\u00e4hrleistung eines reibungslosen Verbindungsaufbaus der Website,<\/li>\n<li>Gew\u00e4hrleistung einer komfortablen Nutzung unserer Website,<\/li>\n<li>Auswertung der Systemsicherheit und -stabilit\u00e4t sowie<\/li>\n<li>zu weiteren administrativen Zwecken.<\/li>\n<\/ul>\n<p>Die Rechtsgrundlage f\u00fcr unsere Datenverarbeitung ist Art. 6 Abs. 1 S. 1 lit. f DSGVO. Unser berechtigtes Interesse folgt aus oben aufgelisteten Zwecken zur Datenerhebung.<br \/>In keinem Fall verwenden wir die erhobenen Daten zu dem Zweck, R\u00fcckschl\u00fcsse auf Ihre Person zu ziehen.<br \/>Dar\u00fcber hinaus setzen wir beim Besuch unserer Website Cookies sowie Analysedienste ein. N\u00e4here Erl\u00e4uterungen dazu erhalten Sie unter den Ziff. 4 und 5 unserer Datenschutzerkl\u00e4rung.<\/p>\n<p><b>b) Bei Kontaktaufnahme via E-Mail oder Telefon<\/b><\/p>\n<p>Bei Ihrer Kontaktaufnahme mit uns via Mail oder unserer hierf\u00fcr vorgesehen Telefonnummer werden die von Ihnen mitgeteilten Daten von uns gespeichert, um Ihre Anfragen zu beantworten.<br \/>Die Datenverarbeitung zum Zwecke der Kontaktaufnahme mit uns erfolgt nach Art. 6 Abs. 1 S. 1 lit. a DSGVO auf Grundlage Ihrer freiwillig erteilten Einwilligung.<br \/>Die in diesem Zusammenhang angefallenen Daten l\u00f6schen wir, nachdem die Speicherung nicht mehr erforderlich ist, oder schr\u00e4nken die Verarbeitung ein, falls gesetzliche Aufbewahrungspflichten bestehen.<\/p>\n\n<h4>3. Weitergabe von Daten<\/h4>\n<p>Eine \u00dcbermittlung Ihrer pers\u00f6nlichen Daten an Dritte zu anderen als den im Folgenden aufgef\u00fchrten Zwecken findet nicht statt.<\/p>\n<p>Wir geben Ihre pers\u00f6nlichen Daten nur an Dritte weiter, wenn:<\/p>\n<ul class=\"liste\">\n<li>Sie Ihre nach Art. 6 Abs. 1 S. 1 lit. a DSGVO ausdr\u00fcckliche Einwilligung dazu erteilt haben,<\/li>\n<li>die Weitergabe nach Art. 6 Abs. 1 S. 1 lit. f DSGVO zur Geltendmachung, Aus\u00fcbung oder Verteidigung von Rechtsanspr\u00fcchen erforderlich ist und kein Grund zur Annahme besteht, dass Sie ein \u00fcberwiegendes schutzw\u00fcrdiges Interesse an der Nichtweitergabe Ihrer Daten haben,<\/li>\n<li>f\u00fcr den Fall, dass f\u00fcr die Weitergabe nach Art. 6 Abs. 1 S. 1 lit. c DSGVO eine gesetzliche Verpflichtung besteht, sowie<\/li>\n<li>dies gesetzlich zul\u00e4ssig und nach Art. 6 Abs. 1 S. 1 lit. b DSGVO f\u00fcr die Abwicklung von Vertragsverh\u00e4ltnissen mit Ihnen erforderlich ist.<\/li>\n<\/ul>\n\n<h4>4. Cookies<\/h4>\n<p>Wir setzen auf unserer Seite Cookies ein. Hierbei handelt es sich um kleine Dateien, die Ihr Browser automatisch erstellt und die auf Ihrem Endger\u00e4t (Laptop, Tablet, Smartphone o.\u00c4.) gespeichert werden, wenn Sie unsere Seite besuchen. Cookies richten auf Ihrem Endger\u00e4t keinen Schaden an, enthalten keine Viren, Trojaner oder sonstige Schadsoftware.<\/p>\n<p>In dem Cookie werden Informationen abgelegt, die sich jeweils im Zusammenhang mit dem spezifisch eingesetzten Endger\u00e4t ergeben. Dies bedeutet jedoch nicht, dass wir dadurch unmittelbar Kenntnis von Ihrer Identit\u00e4t erhalten. Der Einsatz von Cookies dient einerseits dazu, die Nutzung unseres Angebots f\u00fcr Sie angenehmer zu gestalten. So setzen wir sogenannte Session-Cookies ein, um zu erkennen, dass Sie einzelne Seiten unserer Website bereits besucht haben. Diese werden nach Verlassen unserer Seite automatisch gel\u00f6scht.<\/p>\n<p>Dar\u00fcber hinaus setzen wir ebenfalls zur Optimierung der Benutzerfreundlichkeit tempor\u00e4re Cookies ein, die f\u00fcr einen bestimmten, festgelegten Zeitraum auf Ihrem Endger\u00e4t gespeichert werden. Besuchen Sie unsere Seite erneut, um unsere Dienste in Anspruch zu nehmen, wird automatisch erkannt, dass Sie bereits bei uns waren und welche Eingaben und Einstellungen sie get\u00e4tigt haben, um diese nicht noch einmal eingeben zu m\u00fcssen.<\/p>\n<p>Zum anderen setzen wir Cookies ein, um die Nutzung unserer Website statistisch zu erfassen und zum Zwecke der Optimierung unseres Angebotes f\u00fcr Sie auszuwerten (siehe Ziff. 5). Diese Cookies erm\u00f6glichen es uns, bei einem erneuten Besuch unserer Seite automatisch zu erkennen, dass Sie bereits bei uns waren. Diese Cookies werden nach 31 Tagen automatisch gel\u00f6scht.<\/p>\n<p>Die durch Cookies verarbeiteten Daten sind f\u00fcr die genannten Zwecke zur Wahrung unserer berechtigten Interessen sowie der Dritter nach Art. 6 Abs. 1 S. 1 lit. f DSGVO erforderlich.<\/p>\n<p>Die meisten Browser akzeptieren Cookies automatisch.<\/p>\n<p>Sie k\u00f6nnen Ihren Browser jedoch so konfigurieren, dass keine Cookies auf Ihrem Computer gespeichert werden oder stets ein Hinweis erscheint, bevor ein neuer Cookie angelegt wird. Die vollst\u00e4ndige Deaktivierung von Cookies kann jedoch dazu f\u00fchren, dass Sie nicht alle Funktionen unserer Website nutzen k\u00f6nnen.<\/p>\n\n<h4>5. Analyse-Tools<\/h4>\n<p>Die im Folgenden aufgef\u00fchrten und von uns eingesetzten Tracking-Ma\u00dfnahmen werden auf Grundlage des Art. 6 Abs. 1 S. 1 lit. f DSGVO durchgef\u00fchrt. Mit den zum Einsatz kommenden Tracking-Ma\u00dfnahmen wollen wir eine bedarfsgerechte Gestaltung und die fortlaufende Optimierung unserer Website sicherstellen.<\/p>\n<p>Zum anderen setzen wir die Tracking-Ma\u00dfnahmen ein, um die Nutzung unserer Website statistisch zu erfassen und zum Zwecke der Optimierung unseres Angebotes f\u00fcr Sie auszuwerten. Diese Interessen sind als berechtigt im Sinne der vorgenannten Vorschrift anzusehen.<\/p>\n<p>Die jeweiligen Datenverarbeitungszwecke und Datenkategorien sind aus den entsprechenden Tracking-Tools zu entnehmen..<\/p>\n<p><b>Einsatz von Google-Webfonts<\/b><\/p>\n<p>Auf unserer Internetseite werden externe Schriften, Google Fonts verwendet. Google Fonts ist ein Dienst der Google Inc. (\u201cGoogle\u201d). Die Einbindung dieser Web Fonts erfolgt durch einen Serveraufruf, in der Regel ein Server von Google in den USA. Hierdurch wird an den Server \u00fcbermittelt, welche unserer Internetseiten Sie besucht haben. Auch wird die IP-Adresse des Browsers des Endger\u00e4tes des Besuchers dieser Internetseiten von Google gespeichert.<\/p>\n<p>N\u00e4here Informationen finden Sie in den Datenschutzhinweisen von Google, die Sie hier abrufen k\u00f6nnen: <a href=\"https:\/\/fonts.google.com\/about \u00a0und www.google.com\/policies\/privacy\/\">https:\/\/fonts.google.com\/about \u00a0und www.google.com\/policies\/privacy\/<\/a><\/p>\n\n<h4>6. Betroffenenrechte<\/h4>\n<p>Sie haben das Recht:<\/p>\n<ul class=\"liste\">\n<li>gem\u00e4\u00df Art. 15 DSGVO Auskunft \u00fcber Ihre von uns verarbeiteten personenbezogenen Daten zu verlangen. Insbesondere k\u00f6nnen Sie Auskunft \u00fcber die Verarbeitungszwecke, die Kategorie der personenbezogenen Daten, die Kategorien von Empf\u00e4ngern, gegen\u00fcber denen Ihre Daten offengelegt wurden oder werden, die geplante Speicherdauer, das Bestehen eines Rechts auf Berichtigung, L\u00f6schung, Einschr\u00e4nkung der Verarbeitung oder Widerspruch, das Bestehen eines Beschwerderechts, die Herkunft ihrer Daten, sofern diese nicht bei uns erhoben wurden, sowie \u00fcber das Bestehen einer automatisierten Entscheidungsfindung einschlie\u00dflich Profiling und ggf. aussagekr\u00e4ftiger Informationen zu deren Einzelheiten verlangen;<\/li>\n<li>gem\u00e4\u00df Art. 16 DSGVO unverz\u00fcglich die Berichtigung unrichtiger oder Vervollst\u00e4ndigung Ihrer bei uns gespeicherten personenbezogenen Daten zu verlangen;<\/li>\n<li>gem\u00e4\u00df Art. 17 DSGVO die L\u00f6schung Ihrer bei uns gespeicherten personenbezogenen Daten zu verlangen, soweit nicht die Verarbeitung zur Aus\u00fcbung des Rechts auf freie Meinungs\u00e4u\u00dferung und Information, zur Erf\u00fcllung einer rechtlichen Verpflichtung, aus Gr\u00fcnden des \u00f6ffentlichen Interesses oder zur Geltendmachung, Aus\u00fcbung oder Verteidigung von Rechtsanspr\u00fcchen erforderlich ist;<\/li>\n<li>gem\u00e4\u00df Art. 18 DSGVO die Einschr\u00e4nkung der Verarbeitung Ihrer personenbezogenen Daten zu verlangen, soweit die Richtigkeit der Daten von Ihnen bestritten wird, die Verarbeitung unrechtm\u00e4\u00dfig ist, Sie aber deren L\u00f6schung ablehnen und wir die Daten nicht mehr ben\u00f6tigen, Sie jedoch diese zur Geltendmachung, Aus\u00fcbung oder Verteidigung von Rechtsanspr\u00fcchen ben\u00f6tigen oder Sie gem\u00e4\u00df Art. 21 DSGVO Widerspruch gegen die Verarbeitung eingelegt haben;<\/li>\n<li>gem\u00e4\u00df Art. 20 DSGVO Ihre personenbezogenen Daten, die Sie uns bereitgestellt haben, in einem strukturierten, g\u00e4ngigen und maschinenlesebaren Format zu erhalten oder die \u00dcbermittlung an einen anderen Verantwortlichen zu verlangen;<\/li>\n<li>gem\u00e4\u00df Art. 7 Abs. 3 DSGVO Ihre einmal erteilte Einwilligung jederzeit gegen\u00fcber uns zu widerrufen. Dies hat zur Folge, dass wir die Datenverarbeitung, die auf dieser Einwilligung beruhte, f\u00fcr die Zukunft nicht mehr fortf\u00fchren d\u00fcrfen und<\/li>\n<li>gem\u00e4\u00df Art. 77 DSGVO sich bei einer Aufsichtsbeh\u00f6rde zu beschweren. In der Regel k\u00f6nnen Sie sich hierf\u00fcr an die Aufsichtsbeh\u00f6rde Ihres \u00fcblichen Aufenthaltsortes oder Arbeitsplatzes oder unseres Unternehmenssitzes wenden.<\/li>\n<\/ul>\n\n<h4>7. Widerspruchsrecht<\/h4>\n<p>Sofern Ihre personenbezogenen Daten auf Grundlage von berechtigten Interessen gem\u00e4\u00df Art. 6 Abs. 1 S. 1 lit. f DSGVO verarbeitet werden, haben Sie das Recht, gem\u00e4\u00df Art. 21 DSGVO Widerspruch gegen die Verarbeitung Ihrer personenbezogenen Daten einzulegen, soweit daf\u00fcr Gr\u00fcnde vorliegen, die sich aus Ihrer besonderen Situation ergeben, oder sich der Widerspruch gegen Direktwerbung richtet. Im letzteren Fall haben Sie ein generelles Widerspruchsrecht, das ohne Angabe einer besonderen Situation von uns umgesetzt wird. M\u00f6chten Sie von Ihrem Widerrufs- oder Widerspruchsrecht Gebrauch machen, gen\u00fcgt eine E-Mail an Herrn Univ.-Prof. Dr. med. Claus Cursiefen, FEBO mit der Adresse: <a href=\"mailto: claus.cursiefen@uk-koeln.de\">claus.cursiefen@uk-koeln.de<\/a>.<\/p>\n\n<h4>8. Datensicherheit<\/h4>\n<p>Wir bedienen uns im \u00dcbrigen geeigneter technischer und organisatorischer Sicherheitsma\u00dfnahmen, um Ihre Daten gegen zuf\u00e4llige oder vors\u00e4tzliche Manipulationen, teilweisen oder vollst\u00e4ndigen Verlust, Zerst\u00f6rung oder gegen den unbefugten Zugriff Dritter zu sch\u00fctzen.<\/p>\n<p>Wir haben Sicherheitsstandards implementiert, um Ihre uns bereitgestellten personenbezogenen Informationen durch branchen\u00fcbliche Standards und Technologien zu sch\u00fctzen. Wir \u00fcberpr\u00fcfen regelm\u00e4\u00dfig unser System hinsichtlich potenzieller Schwachstellen und Angriffe und nutzen dabei ein auf Systemebene zugriffsgesch\u00fctztes Datenzentrum, um die von Ihnen auf unseren Servern gespeicherten Daten zu sch\u00fctzen.<\/p>\n<p>Da das Internet allerdings keine hundertprozentig sichere Umgebung ist, k\u00f6nnen wir f\u00fcr die Sicherheit der Daten, die Sie \u00fcber das Internet an uns \u00fcbertragen, keine Gew\u00e4hrleistung oder Haftung \u00fcbernehmen.<\/p>\n<p>Es gibt keine Garantie daf\u00fcr, dass nicht auf Informationen zugegriffen wird oder dass Informationen nicht offengelegt, ge\u00e4ndert oder infolge der Durchbrechung unserer physischen, technischen und organisatorischen Sicherheitsvorkehrungen zerst\u00f6rt werden.<\/p>\n\n<h4>9. \u00c4nderung dieser Datenschutzerkl\u00e4rung<\/h4>\n<p>Durch die Weiterentwicklung unserer Website und Angebote dar\u00fcber oder aufgrund ge\u00e4nderter gesetzlicher beziehungsweise beh\u00f6rdlicher Vorgaben kann es notwendig werden, diese Datenschutzerkl\u00e4rung zu \u00e4ndern.<\/p>\n<p>Stand der Datenschutzerkl\u00e4rung 10.04.2024<\/p>","protected":false},"excerpt":{"rendered":"<p>Allgemeine Hinweise zum Datenschutz Die folgenden Hinweise geben einen einfachen \u00dcberblick dar\u00fcber, was mit Ihren personenbezogenen Daten passiert, wenn Sie unsere Website besuchen. Personenbezogene Daten sind alle Daten, mit denen [&hellip;]<\/p>\n","protected":false},"author":1,"featured_media":0,"parent":0,"menu_order":0,"comment_status":"closed","ping_status":"closed","template":"","meta":{"_acf_changed":false,"footnotes":""},"class_list":["post-156","page","type-page","status-publish","hentry"],"acf":[],"aioseo_notices":[],"_links":{"self":[{"href":"https:\/\/www.sfb1607.de\/en\/wp-json\/wp\/v2\/pages\/156","targetHints":{"allow":["GET"]}}],"collection":[{"href":"https:\/\/www.sfb1607.de\/en\/wp-json\/wp\/v2\/pages"}],"about":[{"href":"https:\/\/www.sfb1607.de\/en\/wp-json\/wp\/v2\/types\/page"}],"author":[{"embeddable":true,"href":"https:\/\/www.sfb1607.de\/en\/wp-json\/wp\/v2\/users\/1"}],"replies":[{"embeddable":true,"href":"https:\/\/www.sfb1607.de\/en\/wp-json\/wp\/v2\/comments?post=156"}],"version-history":[{"count":49,"href":"https:\/\/www.sfb1607.de\/en\/wp-json\/wp\/v2\/pages\/156\/revisions"}],"predecessor-version":[{"id":735,"href":"https:\/\/www.sfb1607.de\/en\/wp-json\/wp\/v2\/pages\/156\/revisions\/735"}],"wp:attachment":[{"href":"https:\/\/www.sfb1607.de\/en\/wp-json\/wp\/v2\/media?parent=156"}],"curies":[{"name":"wp","href":"https:\/\/api.w.org\/{rel}","templated":true}]}}